{"id":88,"date":"2020-03-22T20:52:22","date_gmt":"2020-03-22T20:52:22","guid":{"rendered":"https:\/\/szemelyi-edzo-miskolc.hu\/?page_id=88"},"modified":"2020-05-20T11:05:32","modified_gmt":"2020-05-20T11:05:32","slug":"miert-minket-valassz","status":"publish","type":"page","link":"https:\/\/szemelyi-edzo-miskolc.hu\/?page_id=88","title":{"rendered":"Mi\u00e9rt minket v\u00e1lassz"},"content":{"rendered":"<p>[et_pb_section fb_built=&#8221;1&#8243; _builder_version=&#8221;4.4.1&#8243; background_color=&#8221;rgba(0,0,0,0)&#8221;][et_pb_row _builder_version=&#8221;4.4.1&#8243;][et_pb_column type=&#8221;4_4&#8243; _builder_version=&#8221;4.4.1&#8243;][et_pb_text _builder_version=&#8221;4.4.1&#8243;]<\/p>\n<h2 align=\"JUSTIFY\"><span><strong><span size=\"3\">Mi\u00e9rt minket v\u00e1lassz?<\/span><\/strong><\/span><\/h1>\n<h4 align=\"JUSTIFY\"><span style=\"color: white;\">A r\u00e9gi\u00f3ban egyed\u00fcl\u00e1ll\u00f3 m\u00f3don n\u00e1lunk <\/span><span style=\"color: red;\">a teremben egyszerre csak egy vend\u00e9g \u00e9s egy edz\u0151 tart\u00f3zkodik,<\/span><span style=\"color: white;\"> ami az elm\u00falt id\u0151szak eg\u00e9szs\u00e9g\u00fcgyi v\u00e1ltoz\u00e1sai miatt m\u00e9g ink\u00e1bb fel\u00e9rt\u00e9kel\u0151d\u00f6tt. <\/span><\/h2>\n<p>[\/et_pb_text][\/et_pb_column][\/et_pb_row][et_pb_row column_structure=&#8221;1_2,1_2&#8243; disabled_on=&#8221;on|off|off&#8221; _builder_version=&#8221;4.4.1&#8243;][et_pb_column type=&#8221;1_2&#8243; _builder_version=&#8221;4.4.1&#8243;][et_pb_text _builder_version=&#8221;4.4.1&#8243; text_font_size=&#8221;16px&#8221; text_letter_spacing=&#8221;2px&#8221; text_line_height=&#8221;1.1em&#8221; ul_font_size=&#8221;16px&#8221; ul_letter_spacing=&#8221;2px&#8221; ul_line_height=&#8221;2.4em&#8221; custom_padding=&#8221;0px|||||&#8221;]<\/p>\n<h3>Mellett\u00fcnk sz\u00f3l tov\u00e1bb\u00e1:<\/h3>\n<p>24 \u00e9ves szem\u00e9lyi edz\u0151i tapasztalat.<\/p>\n<p>Magasan k\u00e9pzett, diplom\u00e1s edz\u0151i ir\u00e1ny\u00edt\u00e1ssal v\u00e9gzett, szem\u00e9lyre szabott edz\u00e9sprogramok.<\/p>\n<p>K\u00fcl\u00f6nb\u00f6z\u0151 mozg\u00e1sszervi-, kardiovaszkul\u00e1ris-, illetve reumatol\u00f3giai probl\u00e9m\u00e1kkal \u00e9l\u0151knek is tudunk speci\u00e1lis, komplex edz\u00e9sform\u00e1t biztos\u00edtani.<\/p>\n<p>Kardiol\u00f3gus \u00e9s gy\u00f3gytorn\u00e1sz seg\u00edts\u00e9g\u00e9vel \u00f6ssze\u00e1ll\u00edtott edz\u00e9sprogram.<\/p>\n<p>Testi \u00e9s ment\u00e1lis\/lelki eg\u00e9szs\u00e9g meg\u0151rz\u00e9se, jav\u00edt\u00e1sa egy id\u0151ben<\/p>\n<p>Az edz\u00e9sek elv\u00e9gezhet\u0151k a belv\u00e1rosban l\u00e9v\u0151 edz\u0151term\u00fcnkben, otthonodban, vagy ak\u00e1r a vil\u00e1g b\u00e1rmely pontj\u00e1n.<\/p>\n<p>Online form\u00e1ban k\u00e9nyelmesen \u00e9s id\u0151t megtakar\u00edtva, telefon, laptop, vagy TV seg\u00edts\u00e9g\u00e9vel l\u00e1tjuk egym\u00e1st, \u00edgy a mozg\u00e1sok lek\u00f6vet\u00e9se \u00e9s a hibajav\u00edt\u00e1s is t\u00f6k\u00e9letesen kivitelezhet\u0151.<\/p>\n<p>[\/et_pb_text][\/et_pb_column][et_pb_column type=&#8221;1_2&#8243; _builder_version=&#8221;4.4.1&#8243;][et_pb_image src=&#8221;https:\/\/szemelyi-edzo-miskolc.hu\/wp-content\/uploads\/2020\/05\/judit.jpg&#8221; _builder_version=&#8221;4.4.1&#8243; width=&#8221;100%&#8221; hover_enabled=&#8221;0&#8243;][\/et_pb_image][\/et_pb_column][\/et_pb_row][et_pb_row column_structure=&#8221;1_2,1_2&#8243; disabled_on=&#8221;off|on|on&#8221; _builder_version=&#8221;4.4.1&#8243;][et_pb_column type=&#8221;1_2&#8243; _builder_version=&#8221;4.4.1&#8243;][et_pb_image src=&#8221;https:\/\/szemelyi-edzo-miskolc.hu\/wp-content\/uploads\/2020\/05\/judit.jpg&#8221; _builder_version=&#8221;4.4.1&#8243; width=&#8221;100%&#8221; hover_enabled=&#8221;0&#8243;][\/et_pb_image][\/et_pb_column][et_pb_column type=&#8221;1_2&#8243; _builder_version=&#8221;4.4.1&#8243;][et_pb_text _builder_version=&#8221;4.4.1&#8243; text_font_size=&#8221;16px&#8221; text_letter_spacing=&#8221;2px&#8221; text_line_height=&#8221;1.1em&#8221; ul_font_size=&#8221;16px&#8221; ul_letter_spacing=&#8221;2px&#8221; ul_line_height=&#8221;2.4em&#8221; custom_padding=&#8221;0px|||||&#8221;]<\/p>\n<h3>Mellett\u00fcnk sz\u00f3l tov\u00e1bb\u00e1:<\/h3>\n<p>24 \u00e9ves szem\u00e9lyi edz\u0151i tapasztalat.<\/p>\n<p>Magasan k\u00e9pzett, diplom\u00e1s edz\u0151i ir\u00e1ny\u00edt\u00e1ssal v\u00e9gzett, szem\u00e9lyre szabott edz\u00e9sprogramok.<\/p>\n<p>K\u00fcl\u00f6nb\u00f6z\u0151 mozg\u00e1sszervi-, kardiovaszkul\u00e1ris-, illetve reumatol\u00f3giai probl\u00e9m\u00e1kkal \u00e9l\u0151knek is tudunk speci\u00e1lis, komplex edz\u00e9sform\u00e1t biztos\u00edtani.<\/p>\n<p>Kardiol\u00f3gus \u00e9s gy\u00f3gytorn\u00e1sz seg\u00edts\u00e9g\u00e9vel \u00f6ssze\u00e1ll\u00edtott edz\u00e9sprogram.<\/p>\n<p>Testi \u00e9s ment\u00e1lis\/lelki eg\u00e9szs\u00e9g meg\u0151rz\u00e9se, jav\u00edt\u00e1sa egy id\u0151ben<\/p>\n<p>Az edz\u00e9sek elv\u00e9gezhet\u0151k a belv\u00e1rosban l\u00e9v\u0151 edz\u0151term\u00fcnkben, otthonodban, vagy ak\u00e1r a vil\u00e1g b\u00e1rmely pontj\u00e1n.<\/p>\n<p>Online form\u00e1ban k\u00e9nyelmesen \u00e9s id\u0151t megtakar\u00edtva, telefon, laptop, vagy TV seg\u00edts\u00e9g\u00e9vel l\u00e1tjuk egym\u00e1st, \u00edgy a mozg\u00e1sok lek\u00f6vet\u00e9se \u00e9s a hibajav\u00edt\u00e1s is t\u00f6k\u00e9letesen kivitelezhet\u0151.<\/p>\n<p>[\/et_pb_text][\/et_pb_column][\/et_pb_row][\/et_pb_section]<\/p>\n","protected":false},"excerpt":{"rendered":"<p>Mi\u00e9rt minket v\u00e1lassz? A r\u00e9gi\u00f3ban egyed\u00fcl\u00e1ll\u00f3 m\u00f3don n\u00e1lunk a teremben egyszerre csak egy vend\u00e9g \u00e9s egy edz\u0151 tart\u00f3zkodik, ami az elm\u00falt id\u0151szak eg\u00e9szs\u00e9g\u00fcgyi v\u00e1ltoz\u00e1sai miatt m\u00e9g ink\u00e1bb fel\u00e9rt\u00e9kel\u0151d\u00f6tt. Mellett\u00fcnk sz\u00f3l tov\u00e1bb\u00e1: 24 \u00e9ves szem\u00e9lyi edz\u0151i tapasztalat. Magasan k\u00e9pzett, diplom\u00e1s edz\u0151i ir\u00e1ny\u00edt\u00e1ssal v\u00e9gzett, szem\u00e9lyre szabott edz\u00e9sprogramok. K\u00fcl\u00f6nb\u00f6z\u0151 mozg\u00e1sszervi-, kardiovaszkul\u00e1ris-, illetve reumatol\u00f3giai probl\u00e9m\u00e1kkal \u00e9l\u0151knek is tudunk speci\u00e1lis, [&hellip;]<\/p>\n","protected":false},"author":2,"featured_media":0,"parent":0,"menu_order":0,"comment_status":"closed","ping_status":"closed","template":"","meta":{"_et_pb_use_builder":"on","_et_pb_old_content":"","_et_gb_content_width":"","footnotes":""},"class_list":["post-88","page","type-page","status-publish","hentry"],"yoast_head":"<!-- This site is optimized with the Yoast SEO plugin v25.2 - https:\/\/yoast.com\/wordpress\/plugins\/seo\/ -->\n<title>Mi\u00e9rt minket v\u00e1lassz - Szem\u00e9lyi edz\u00e9s online<\/title>\n<meta name=\"description\" content=\"Szem\u00e9lyre szabott edz\u00e9sprogramot tudunk biztos\u00edtani ak\u00e1r eg\u00e9szs\u00e9ges, ak\u00e1r k\u00fcl\u00f6nb\u00f6z\u0151 mozg\u00e1sszervi-, kardiovaszkul\u00e1ris probl\u00e9m\u00e1kkal \u00e9l\u0151knek is.\" \/>\n<meta name=\"robots\" content=\"index, follow, max-snippet:-1, max-image-preview:large, max-video-preview:-1\" \/>\n<link rel=\"canonical\" href=\"https:\/\/szemelyi-edzo-miskolc.hu\/?page_id=88\" \/>\n<meta property=\"og:locale\" content=\"hu_HU\" \/>\n<meta property=\"og:type\" content=\"article\" \/>\n<meta property=\"og:title\" content=\"Mi\u00e9rt minket v\u00e1lassz - Szem\u00e9lyi edz\u00e9s online\" \/>\n<meta property=\"og:description\" content=\"Szem\u00e9lyre szabott edz\u00e9sprogramot tudunk biztos\u00edtani ak\u00e1r eg\u00e9szs\u00e9ges, ak\u00e1r k\u00fcl\u00f6nb\u00f6z\u0151 mozg\u00e1sszervi-, kardiovaszkul\u00e1ris probl\u00e9m\u00e1kkal \u00e9l\u0151knek is.\" \/>\n<meta property=\"og:url\" content=\"https:\/\/szemelyi-edzo-miskolc.hu\/?page_id=88\" \/>\n<meta property=\"og:site_name\" content=\"Szem\u00e9lyi edz\u00e9s online\" \/>\n<meta property=\"article:modified_time\" content=\"2020-05-20T11:05:32+00:00\" \/>\n<meta property=\"og:image\" content=\"https:\/\/szemelyi-edzo-miskolc.hu\/wp-content\/uploads\/2020\/03\/DSC01568-scaled.jpg\" \/>\n\t<meta property=\"og:image:width\" content=\"2560\" \/>\n\t<meta property=\"og:image:height\" content=\"1117\" \/>\n\t<meta property=\"og:image:type\" content=\"image\/jpeg\" \/>\n<meta name=\"twitter:card\" content=\"summary_large_image\" \/>\n<meta name=\"twitter:label1\" content=\"Becs\u00fclt olvas\u00e1si id\u0151\" \/>\n\t<meta name=\"twitter:data1\" content=\"3 perc\" \/>\n<script type=\"application\/ld+json\" class=\"yoast-schema-graph\">{\"@context\":\"https:\/\/schema.org\",\"@graph\":[{\"@type\":\"WebPage\",\"@id\":\"https:\/\/szemelyi-edzo-miskolc.hu\/?page_id=88\",\"url\":\"https:\/\/szemelyi-edzo-miskolc.hu\/?page_id=88\",\"name\":\"Mi\u00e9rt minket v\u00e1lassz - Szem\u00e9lyi edz\u00e9s online\",\"isPartOf\":{\"@id\":\"https:\/\/szemelyi-edzo-miskolc.hu\/#website\"},\"datePublished\":\"2020-03-22T20:52:22+00:00\",\"dateModified\":\"2020-05-20T11:05:32+00:00\",\"description\":\"Szem\u00e9lyre szabott edz\u00e9sprogramot tudunk biztos\u00edtani ak\u00e1r eg\u00e9szs\u00e9ges, ak\u00e1r k\u00fcl\u00f6nb\u00f6z\u0151 mozg\u00e1sszervi-, kardiovaszkul\u00e1ris probl\u00e9m\u00e1kkal \u00e9l\u0151knek is.\",\"breadcrumb\":{\"@id\":\"https:\/\/szemelyi-edzo-miskolc.hu\/?page_id=88#breadcrumb\"},\"inLanguage\":\"hu\",\"potentialAction\":[{\"@type\":\"ReadAction\",\"target\":[\"https:\/\/szemelyi-edzo-miskolc.hu\/?page_id=88\"]}]},{\"@type\":\"BreadcrumbList\",\"@id\":\"https:\/\/szemelyi-edzo-miskolc.hu\/?page_id=88#breadcrumb\",\"itemListElement\":[{\"@type\":\"ListItem\",\"position\":1,\"name\":\"Home\",\"item\":\"https:\/\/szemelyi-edzo-miskolc.hu\/\"},{\"@type\":\"ListItem\",\"position\":2,\"name\":\"Mi\u00e9rt minket v\u00e1lassz\"}]},{\"@type\":\"WebSite\",\"@id\":\"https:\/\/szemelyi-edzo-miskolc.hu\/#website\",\"url\":\"https:\/\/szemelyi-edzo-miskolc.hu\/\",\"name\":\"Szem\u00e9lyi edz\u00e9s online\",\"description\":\"\",\"potentialAction\":[{\"@type\":\"SearchAction\",\"target\":{\"@type\":\"EntryPoint\",\"urlTemplate\":\"https:\/\/szemelyi-edzo-miskolc.hu\/?s={search_term_string}\"},\"query-input\":{\"@type\":\"PropertyValueSpecification\",\"valueRequired\":true,\"valueName\":\"search_term_string\"}}],\"inLanguage\":\"hu\"}]}<\/script>\n<!-- \/ Yoast SEO plugin. -->","yoast_head_json":{"title":"Mi\u00e9rt minket v\u00e1lassz - Szem\u00e9lyi edz\u00e9s online","description":"Szem\u00e9lyre szabott edz\u00e9sprogramot tudunk biztos\u00edtani ak\u00e1r eg\u00e9szs\u00e9ges, ak\u00e1r k\u00fcl\u00f6nb\u00f6z\u0151 mozg\u00e1sszervi-, kardiovaszkul\u00e1ris probl\u00e9m\u00e1kkal \u00e9l\u0151knek is.","robots":{"index":"index","follow":"follow","max-snippet":"max-snippet:-1","max-image-preview":"max-image-preview:large","max-video-preview":"max-video-preview:-1"},"canonical":"https:\/\/szemelyi-edzo-miskolc.hu\/?page_id=88","og_locale":"hu_HU","og_type":"article","og_title":"Mi\u00e9rt minket v\u00e1lassz - Szem\u00e9lyi edz\u00e9s online","og_description":"Szem\u00e9lyre szabott edz\u00e9sprogramot tudunk biztos\u00edtani ak\u00e1r eg\u00e9szs\u00e9ges, ak\u00e1r k\u00fcl\u00f6nb\u00f6z\u0151 mozg\u00e1sszervi-, kardiovaszkul\u00e1ris probl\u00e9m\u00e1kkal \u00e9l\u0151knek is.","og_url":"https:\/\/szemelyi-edzo-miskolc.hu\/?page_id=88","og_site_name":"Szem\u00e9lyi edz\u00e9s online","article_modified_time":"2020-05-20T11:05:32+00:00","og_image":[{"width":2560,"height":1117,"url":"https:\/\/szemelyi-edzo-miskolc.hu\/wp-content\/uploads\/2020\/03\/DSC01568-scaled.jpg","type":"image\/jpeg"}],"twitter_card":"summary_large_image","twitter_misc":{"Becs\u00fclt olvas\u00e1si id\u0151":"3 perc"},"schema":{"@context":"https:\/\/schema.org","@graph":[{"@type":"WebPage","@id":"https:\/\/szemelyi-edzo-miskolc.hu\/?page_id=88","url":"https:\/\/szemelyi-edzo-miskolc.hu\/?page_id=88","name":"Mi\u00e9rt minket v\u00e1lassz - Szem\u00e9lyi edz\u00e9s online","isPartOf":{"@id":"https:\/\/szemelyi-edzo-miskolc.hu\/#website"},"datePublished":"2020-03-22T20:52:22+00:00","dateModified":"2020-05-20T11:05:32+00:00","description":"Szem\u00e9lyre szabott edz\u00e9sprogramot tudunk biztos\u00edtani ak\u00e1r eg\u00e9szs\u00e9ges, ak\u00e1r k\u00fcl\u00f6nb\u00f6z\u0151 mozg\u00e1sszervi-, kardiovaszkul\u00e1ris probl\u00e9m\u00e1kkal \u00e9l\u0151knek is.","breadcrumb":{"@id":"https:\/\/szemelyi-edzo-miskolc.hu\/?page_id=88#breadcrumb"},"inLanguage":"hu","potentialAction":[{"@type":"ReadAction","target":["https:\/\/szemelyi-edzo-miskolc.hu\/?page_id=88"]}]},{"@type":"BreadcrumbList","@id":"https:\/\/szemelyi-edzo-miskolc.hu\/?page_id=88#breadcrumb","itemListElement":[{"@type":"ListItem","position":1,"name":"Home","item":"https:\/\/szemelyi-edzo-miskolc.hu\/"},{"@type":"ListItem","position":2,"name":"Mi\u00e9rt minket v\u00e1lassz"}]},{"@type":"WebSite","@id":"https:\/\/szemelyi-edzo-miskolc.hu\/#website","url":"https:\/\/szemelyi-edzo-miskolc.hu\/","name":"Szem\u00e9lyi edz\u00e9s online","description":"","potentialAction":[{"@type":"SearchAction","target":{"@type":"EntryPoint","urlTemplate":"https:\/\/szemelyi-edzo-miskolc.hu\/?s={search_term_string}"},"query-input":{"@type":"PropertyValueSpecification","valueRequired":true,"valueName":"search_term_string"}}],"inLanguage":"hu"}]}},"_links":{"self":[{"href":"https:\/\/szemelyi-edzo-miskolc.hu\/index.php?rest_route=\/wp\/v2\/pages\/88","targetHints":{"allow":["GET"]}}],"collection":[{"href":"https:\/\/szemelyi-edzo-miskolc.hu\/index.php?rest_route=\/wp\/v2\/pages"}],"about":[{"href":"https:\/\/szemelyi-edzo-miskolc.hu\/index.php?rest_route=\/wp\/v2\/types\/page"}],"author":[{"embeddable":true,"href":"https:\/\/szemelyi-edzo-miskolc.hu\/index.php?rest_route=\/wp\/v2\/users\/2"}],"replies":[{"embeddable":true,"href":"https:\/\/szemelyi-edzo-miskolc.hu\/index.php?rest_route=%2Fwp%2Fv2%2Fcomments&post=88"}],"version-history":[{"count":16,"href":"https:\/\/szemelyi-edzo-miskolc.hu\/index.php?rest_route=\/wp\/v2\/pages\/88\/revisions"}],"predecessor-version":[{"id":391,"href":"https:\/\/szemelyi-edzo-miskolc.hu\/index.php?rest_route=\/wp\/v2\/pages\/88\/revisions\/391"}],"wp:attachment":[{"href":"https:\/\/szemelyi-edzo-miskolc.hu\/index.php?rest_route=%2Fwp%2Fv2%2Fmedia&parent=88"}],"curies":[{"name":"wp","href":"https:\/\/api.w.org\/{rel}","templated":true}]}}