{"id":55,"date":"2020-03-22T19:17:33","date_gmt":"2020-03-22T19:17:33","guid":{"rendered":"https:\/\/szemelyi-edzo-miskolc.hu\/?page_id=55"},"modified":"2020-05-20T13:47:16","modified_gmt":"2020-05-20T13:47:16","slug":"on-line","status":"publish","type":"page","link":"https:\/\/szemelyi-edzo-miskolc.hu\/","title":{"rendered":"Szem\u00e9lyi edz\u00e9s online"},"content":{"rendered":"<p>[et_pb_section fb_built=&#8221;1&#8243; fullwidth=&#8221;on&#8221; _builder_version=&#8221;4.4.1&#8243;][et_pb_fullwidth_slider use_bg_overlay=&#8221;off&#8221; arrows_custom_color=&#8221;rgba(0,0,0,0)&#8221; dot_nav_custom_color=&#8221;rgba(0,0,0,0)&#8221; _builder_version=&#8221;4.4.1&#8243; header_level=&#8221;h1&#8243; header_text_color=&#8221;#e02b20&#8243; button_rel=&#8221;off|off|off|off|off&#8221; width=&#8221;100%&#8221; width_tablet=&#8221;&#8221; width_phone=&#8221;100%&#8221; width_last_edited=&#8221;on|phone&#8221; max_width=&#8221;100%&#8221; module_alignment=&#8221;center&#8221; content_width=&#8221;100%&#8221; min_height_tablet=&#8221;360px&#8221; min_height_phone=&#8221;217px&#8221; min_height_last_edited=&#8221;on|desktop&#8221; height=&#8221;903px&#8221; custom_margin=&#8221;0px||||false|false&#8221; custom_padding=&#8221;|0px|||true|false&#8221; animation_style=&#8221;fade&#8221; animation_duration=&#8221;350ms&#8221; auto=&#8221;on&#8221; auto_speed=&#8221;5000&#8243; hover_enabled=&#8221;0&#8243; height_last_edited=&#8221;on|phone&#8221;][et_pb_slide heading=&#8221;Szem\u00e9lyi edz\u00e9s&#8221; use_bg_overlay=&#8221;off&#8221; use_text_overlay=&#8221;off&#8221; alignment=&#8221;bottom&#8221; heading_last_edited=&#8221;off|desktop&#8221; _builder_version=&#8221;4.4.1&#8243; header_level=&#8221;h2&#8243; header_font=&#8221;|600|||||||&#8221; header_text_align=&#8221;center&#8221; header_text_color=&#8221;#ff2323&#8243; header_font_size=&#8221;70px&#8221; body_text_align=&#8221;left&#8221; body_text_color=&#8221;#e02b20&#8243; body_font_size=&#8221;21px&#8221; background_image=&#8221;https:\/\/szemelyi-edzo-miskolc.hu\/wp-content\/uploads\/2020\/05\/judit1-2.jpg&#8221; background_enable_image=&#8221;on&#8221; background_position=&#8221;bottom_left&#8221; transform_scale=&#8221;101%|101%&#8221; width=&#8221;100%&#8221; custom_padding=&#8221;||0px|0px|false|false&#8221; header_font_size_tablet=&#8221;&#8221; header_font_size_phone=&#8221;30px&#8221; header_font_size_last_edited=&#8221;on|phone&#8221; border_radii_image_tablet=&#8221;&#8221; border_radii_image_phone=&#8221;&#8221; border_radii_image_last_edited=&#8221;on|desktop&#8221; text_shadow_style=&#8221;preset2&#8243; text_shadow_color=&#8221;rgba(0,0,0,0)&#8221;][\/et_pb_slide][et_pb_slide heading=&#8221;Szem\u00e9lyi edz\u00e9s&#8221; alignment=&#8221;bottom&#8221; _builder_version=&#8221;4.4.1&#8243; header_font=&#8221;|600|||||||&#8221; header_text_align=&#8221;center&#8221; header_text_color=&#8221;#ff0000&#8243; header_font_size=&#8221;70px&#8221; background_image=&#8221;https:\/\/szemelyi-edzo-miskolc.hu\/wp-content\/uploads\/2020\/05\/judit2-1.jpg&#8221; background_enable_image=&#8221;on&#8221; background_position=&#8221;bottom_left&#8221; width=&#8221;100%&#8221; max_width=&#8221;100%&#8221; custom_padding=&#8221;||0px||false|false&#8221; header_font_size_tablet=&#8221;&#8221; header_font_size_phone=&#8221;30px&#8221; header_font_size_last_edited=&#8221;on|phone&#8221;][\/et_pb_slide][et_pb_slide heading=&#8221;Szem\u00e9lyi edz\u00e9s&#8221; alignment=&#8221;bottom&#8221; _builder_version=&#8221;4.4.1&#8243; header_font=&#8221;|600|||||||&#8221; header_text_align=&#8221;right&#8221; header_text_color=&#8221;#ff2323&#8243; header_font_size=&#8221;69px&#8221; body_text_align=&#8221;left&#8221; body_text_color=&#8221;#e02b20&#8243; background_image=&#8221;https:\/\/szemelyi-edzo-miskolc.hu\/wp-content\/uploads\/2020\/05\/judit3-1.jpg&#8221; background_enable_image=&#8221;on&#8221; background_position=&#8221;bottom_left&#8221; custom_padding=&#8221;||0px|0px|false|false&#8221; header_font_size_tablet=&#8221;&#8221; header_font_size_phone=&#8221;30px&#8221; header_font_size_last_edited=&#8221;on|phone&#8221;][\/et_pb_slide][\/et_pb_fullwidth_slider][\/et_pb_section][et_pb_section fb_built=&#8221;1&#8243; _builder_version=&#8221;4.4.1&#8243; background_color=&#8221;rgba(0,0,0,0)&#8221;][et_pb_row _builder_version=&#8221;4.4.1&#8243;][et_pb_column type=&#8221;4_4&#8243; _builder_version=&#8221;4.4.1&#8243;][et_pb_text _builder_version=&#8221;4.4.1&#8243; text_font=&#8221;|600|||||||&#8221; text_font_size=&#8221;24px&#8221; text_letter_spacing=&#8221;3px&#8221; text_line_height=&#8221;1.8em&#8221; background_color=&#8221;rgba(0,0,0,0)&#8221;]<\/p>\n<p style=\"text-align: center;\">A m\u00e1r j\u00f3l bev\u00e1lt, hat\u00e9kony szem\u00e9lyi edz\u00e9seink, terhestorn\u00e1nk \u00e9s sportrehabilit\u00e1ci\u00f3s szolg\u00e1ltat\u00e1saink a r\u00e9gi\u00f3ban <strong style=\"color: red;\">egyed\u00fcl\u00e1ll\u00f3 m\u00f3don<\/strong>, maxim\u00e1lis biztons\u00e1ggal el\u00e9rhet\u0151ek, hiszen n\u00e1lunk tov\u00e1bbra is kiz\u00e1r\u00f3lag <strong style=\"color:red;\">egy vend\u00e9g \u00e9s egy szem\u00e9lyi edz\u0151 tart\u00f3zkodik egyidej\u0171leg a teremben.<\/strong><\/p>\n<p>[\/et_pb_text][\/et_pb_column][\/et_pb_row][et_pb_row column_structure=&#8221;1_2,1_2&#8243; disabled_on=&#8221;on|off|off&#8221; _builder_version=&#8221;4.4.1&#8243;][et_pb_column type=&#8221;1_2&#8243; _builder_version=&#8221;4.4.1&#8243;][et_pb_text _builder_version=&#8221;4.4.1&#8243; text_font_size=&#8221;16px&#8221; text_letter_spacing=&#8221;2px&#8221; text_line_height=&#8221;1.8em&#8221;]<\/p>\n<p align=\"JUSTIFY\"><span size=\"4\" style=\"font-size: large;\">Szem\u00e9lyi edz\u00e9seinket imm\u00e1r \u00fajra a j\u00f3l felszerelt, Miskolc belv\u00e1ros\u00e1ban l\u00e9v\u0151 <\/span><span color=\"#ff0000\" style=\"color: #ff0000;\"><span size=\"4\" style=\"font-size: large;\"><b>edz\u0151term\u00fcnkben vagy online<\/b><\/span><\/span><span size=\"4\" style=\"font-size: large;\"> form\u00e1ban, otthoni, k\u00e9nyelmes k\u00f6rnyezetben, ak\u00e1r\u00a0<\/span><strong><span size=\"4\" style=\"font-size: large;\"><span>eszk\u00f6z n\u00e9lk\u00fcl<\/span><\/span><\/strong><span size=\"4\" style=\"font-size: large;\">, ak\u00e1r eszk\u00f6zzel (<\/span><span color=\"#ff0000\" style=\"color: #ff0000;\"><span size=\"4\" style=\"font-size: large;\"><b>TRX, TRX rip trainer,personal kinesis, step pad, bosu, gumiszalag, s\u00falyz\u00f3, l\u00e1bs\u00faly, Xco, flexi bar, soft ball, smr henger<\/b><\/span><\/span><span size=\"4\" style=\"font-size: large;\">) v\u00e9gezheted. Ezzel is seg\u00edtve megl\u00e9v\u0151 \u00e9s \u00faj klienseink eg\u00e9szs\u00e9g\u00e9nek meg\u0151rz\u00e9s\u00e9t, tudv\u00e1n, hogy az immuner\u0151s\u00edt\u00e9sben a helyes mozg\u00e1s \u00e9s a helyes t\u00e1pl\u00e1lkoz\u00e1s k\u00fcl\u00f6n\u00f6s jelent\u0151s\u00e9ggel b\u00edr, m\u00edg az esetleges eg\u00e9szs\u00e9g\u00fcgyi probl\u00e9m\u00e1kkal k\u00fczd\u0151 szem\u00e9lyekn\u00e9l a rendszeres mozg\u00e1s az eg\u00e9szs\u00e9g\u00fck meg\u00f3v\u00e1sa, vagy a tov\u00e1bbi \u00e1llapotroml\u00e1s megakad\u00e1lyoz\u00e1sa \u00e9rdek\u00e9ben elengedhetetlen.<\/span><\/p>\n<p>[\/et_pb_text][\/et_pb_column][et_pb_column type=&#8221;1_2&#8243; _builder_version=&#8221;4.4.1&#8243;][et_pb_image src=&#8221;https:\/\/szemelyi-edzo-miskolc.hu\/wp-content\/uploads\/2020\/05\/89656606_516317712414439_4163033167751544832_n-scaled.jpg&#8221; _builder_version=&#8221;4.4.1&#8243; filter_brightness=&#8221;135%&#8221; filter_contrast=&#8221;85%&#8221;][\/et_pb_image][\/et_pb_column][\/et_pb_row][et_pb_row column_structure=&#8221;1_2,1_2&#8243; disabled_on=&#8221;off|on|on&#8221; _builder_version=&#8221;4.4.1&#8243;][et_pb_column type=&#8221;1_2&#8243; _builder_version=&#8221;4.4.1&#8243;][et_pb_image src=&#8221;https:\/\/szemelyi-edzo-miskolc.hu\/wp-content\/uploads\/2020\/05\/89656606_516317712414439_4163033167751544832_n-scaled.jpg&#8221; _builder_version=&#8221;4.4.1&#8243; filter_brightness=&#8221;135%&#8221; filter_contrast=&#8221;85%&#8221;][\/et_pb_image][\/et_pb_column][et_pb_column type=&#8221;1_2&#8243; _builder_version=&#8221;4.4.1&#8243;][et_pb_text _builder_version=&#8221;4.4.1&#8243; text_font_size=&#8221;16px&#8221; text_letter_spacing=&#8221;2px&#8221; text_line_height=&#8221;1.8em&#8221;]<\/p>\n<p align=\"JUSTIFY\"><span size=\"4\" style=\"font-size: large;\">Szem\u00e9lyi edz\u00e9seinket imm\u00e1r \u00fajra a j\u00f3l felszerelt, Miskolc belv\u00e1ros\u00e1ban l\u00e9v\u0151 <\/span><span color=\"#ff0000\" style=\"color: #ff0000;\"><span size=\"4\" style=\"font-size: large;\"><b>edz\u0151term\u00fcnkben vagy online<\/b><\/span><\/span><span size=\"4\" style=\"font-size: large;\"> form\u00e1ban, otthoni, k\u00e9nyelmes k\u00f6rnyezetben, ak\u00e1r\u00a0<\/span><strong><span size=\"4\" style=\"font-size: large;\"><span>eszk\u00f6z n\u00e9lk\u00fcl<\/span><\/span><\/strong><span size=\"4\" style=\"font-size: large;\">, ak\u00e1r eszk\u00f6zzel (<\/span><span color=\"#ff0000\" style=\"color: #ff0000;\"><span size=\"4\" style=\"font-size: large;\"><b>TRX, TRX rip trainer,personal kinesis, step pad, bosu, gumiszalag, s\u00falyz\u00f3, l\u00e1bs\u00faly, Xco, flexi bar, soft ball, smr henger<\/b><\/span><\/span><span size=\"4\" style=\"font-size: large;\">) v\u00e9gezheted. Ezzel is seg\u00edtve megl\u00e9v\u0151 \u00e9s \u00faj klienseink eg\u00e9szs\u00e9g\u00e9nek meg\u0151rz\u00e9s\u00e9t, tudv\u00e1n, hogy az immuner\u0151s\u00edt\u00e9sben a helyes mozg\u00e1s \u00e9s a helyes t\u00e1pl\u00e1lkoz\u00e1s k\u00fcl\u00f6n\u00f6s jelent\u0151s\u00e9ggel b\u00edr, m\u00edg az esetleges eg\u00e9szs\u00e9g\u00fcgyi probl\u00e9m\u00e1kkal k\u00fczd\u0151 szem\u00e9lyekn\u00e9l a rendszeres mozg\u00e1s az eg\u00e9szs\u00e9g\u00fck meg\u00f3v\u00e1sa, vagy a tov\u00e1bbi \u00e1llapotroml\u00e1s megakad\u00e1lyoz\u00e1sa \u00e9rdek\u00e9ben elengedhetetlen.<\/span><\/p>\n<p>[\/et_pb_text][\/et_pb_column][\/et_pb_row][et_pb_row column_structure=&#8221;1_2,1_2&#8243; _builder_version=&#8221;4.4.1&#8243;][et_pb_column type=&#8221;1_2&#8243; _builder_version=&#8221;4.4.1&#8243;][et_pb_image src=&#8221;https:\/\/szemelyi-edzo-miskolc.hu\/wp-content\/uploads\/2020\/03\/mellk\u00e9p.jpg&#8221; _builder_version=&#8221;4.4.1&#8243;][\/et_pb_image][\/et_pb_column][et_pb_column type=&#8221;1_2&#8243; _builder_version=&#8221;4.4.1&#8243;][et_pb_text _builder_version=&#8221;4.4.1&#8243; text_font=&#8221;|300|||||||&#8221; text_font_size=&#8221;16px&#8221; text_letter_spacing=&#8221;2px&#8221; text_line_height=&#8221;1.8em&#8221;]<\/p>\n<p align=\"JUSTIFY\"><strong><span color=\"#ff0000\" style=\"color: #ff0000;\"><span size=\"4\" style=\"font-size: large;\">T\u00f3th Judit<\/span><\/span><\/strong><span size=\"4\" style=\"font-size: large;\"> vagyok, IWI Elite Trainer, a 2003. \u00f3ta m\u0171k\u00f6d\u0151 <\/span><strong><span color=\"#ff0000\" style=\"color: #ff0000;\"><span size=\"4\" style=\"font-size: large;\">TOTAL-FITT Szem\u00e9lyi edz\u0151 \u00e9s Rehabilit\u00e1ci\u00f3s St\u00fadi\u00f3<\/span><\/span><\/strong><span size=\"4\" style=\"font-size: large;\"> tulajdonosa \u00e9s szakmai vezet\u0151je.<\/span><\/p>\n<p align=\"JUSTIFY\"><span size=\"4\" style=\"font-size: large;\">K\u00e9t szakir\u00e1ny\u00fa diplom\u00e1mnak (Magyar Testnevel\u00e9si Egyetem Szakedz\u0151i szak, Ment\u00e1lhigi\u00e9n\u00e9s eg\u00e9szs\u00e9gfejleszt\u0151) \u00e9s sz\u00e1mos egy\u00e9b edz\u0151i v\u00e9gzetts\u00e9gemnek, valamint 24 \u00e9ves edz\u0151i tapasztalatomnak k\u00f6sz\u00f6nhet\u0151en a testi \u00e9s a ment\u00e1lis\/lelki eg\u00e9szs\u00e9g meg\u0151rz\u00e9s\u00e9t, jav\u00edt\u00e1s\u00e1t egy id\u0151ben tudjuk v\u00e9gezni. <\/span><\/p>\n<p align=\"JUSTIFY\"><span size=\"4\" style=\"font-size: large;\">Miskolc belv\u00e1rosi edz\u0151term\u00fcnkben az eg\u00e9szs\u00e9ges (<strong><span color=\"#ff0000\" style=\"color: #ff0000;\">fogyni, form\u00e1l\u00f3dni v\u00e1gy\u00f3<\/span><\/strong>) vend\u00e9gek mellett <\/span><strong><span color=\"#ff0000\" style=\"color: #ff0000;\"><span size=\"4\" style=\"font-size: large;\">k\u00fcl\u00f6nb\u00f6z\u0151 mozg\u00e1sszervi-<\/span><\/span><\/strong><span size=\"4\" style=\"font-size: large;\"> (pl. gerincferd\u00fcl\u00e9s, gerincs\u00e9rv, nyitott gerinc, arthritis, egy\u00e9b reumatol\u00f3giai panaszok), illetve <\/span><strong><span color=\"#ff0000\" style=\"color: #ff0000;\"><span size=\"4\" style=\"font-size: large;\">kardiovaszkul\u00e1ris- <\/span><\/span><\/strong><span size=\"4\" style=\"font-size: large;\">(t\u00f6bbek k\u00f6z\u00f6tt magas v\u00e9rnyom\u00e1s, \u00a0be\u00e9p\u00edtett stent), valamint <\/span><strong><span color=\"#ff0000\" style=\"color: #ff0000;\"><span size=\"4\" style=\"font-size: large;\">belgy\u00f3gy\u00e1szati probl\u00e9m\u00e1kkal \u00e9l\u0151 szem\u00e9lyek <\/span><\/span><\/strong><span size=\"4\" style=\"font-size: large;\">is megfordulnak, akiknek kiemelten fontos a szakszer\u0171en ir\u00e1ny\u00edtott, gy\u00f3gytorna alap\u00fa szem\u00e9lyi edz\u00e9s. Szolg\u00e1ltat\u00e1saink k\u00f6z\u00f6tt m\u00e1r t\u00f6bb, mint t\u00edz \u00e9ve el\u00e9rhet\u0151 a <\/span><strong><span color=\"#ff0000\" style=\"color: #ff0000;\"><span size=\"4\" style=\"font-size: large;\">terhestorna<\/span><\/span><\/strong><span size=\"4\" style=\"font-size: large;\"> is.<\/span><\/p>\n<p>[\/et_pb_text][\/et_pb_column][\/et_pb_row][et_pb_row _builder_version=&#8221;4.4.1&#8243;][et_pb_column type=&#8221;4_4&#8243; _builder_version=&#8221;4.4.1&#8243;][et_pb_gallery gallery_ids=&#8221;193,194,195,196,371,368,369,366&#8243; posts_number=&#8221;8&#8243; orientation=&#8221;portrait&#8221; show_title_and_caption=&#8221;off&#8221; show_pagination=&#8221;off&#8221; _builder_version=&#8221;4.4.1&#8243; custom_padding=&#8221;0px||||false|false&#8221;][\/et_pb_gallery][\/et_pb_column][\/et_pb_row][et_pb_row _builder_version=&#8221;4.4.1&#8243;][et_pb_column type=&#8221;4_4&#8243; _builder_version=&#8221;4.4.1&#8243;][et_pb_text _builder_version=&#8221;4.4.1&#8243; text_font_size=&#8221;16px&#8221; text_letter_spacing=&#8221;2px&#8221; text_line_height=&#8221;1.8em&#8221;]<\/p>\n<p align=\"JUSTIFY\"><strong><span color=\"#ff0000\" style=\"color: #ff0000;\"><span size=\"4\" style=\"font-size: large;\">Amennyiben professzion\u00e1lis szem\u00e9lyi edz\u00e9s\u00fcnk felkeltette \u00e9rdekl\u0151d\u00e9sedet, vagy tov\u00e1bbi k\u00e9rd\u00e9sed lenne, \u00fagy keress bizalommal a honlapon szerepl\u0151 el\u00e9rhet\u0151s\u00e9geken.<\/span><\/span><\/strong><\/p>\n<p align=\"JUSTIFY\">[\/et_pb_text][\/et_pb_column][\/et_pb_row][\/et_pb_section][et_pb_section fb_built=&#8221;1&#8243; _builder_version=&#8221;4.4.1&#8243; background_color=&#8221;rgba(0,0,0,0)&#8221;][\/et_pb_section]<\/p>\n","protected":false},"excerpt":{"rendered":"<p>A m\u00e1r j\u00f3l bev\u00e1lt, hat\u00e9kony szem\u00e9lyi edz\u00e9seink, terhestorn\u00e1nk \u00e9s sportrehabilit\u00e1ci\u00f3s szolg\u00e1ltat\u00e1saink a r\u00e9gi\u00f3ban egyed\u00fcl\u00e1ll\u00f3 m\u00f3don, maxim\u00e1lis biztons\u00e1ggal el\u00e9rhet\u0151ek, hiszen n\u00e1lunk tov\u00e1bbra is kiz\u00e1r\u00f3lag egy vend\u00e9g \u00e9s egy szem\u00e9lyi edz\u0151 tart\u00f3zkodik egyidej\u0171leg a teremben.Szem\u00e9lyi edz\u00e9seinket imm\u00e1r \u00fajra a j\u00f3l felszerelt, Miskolc belv\u00e1ros\u00e1ban l\u00e9v\u0151 edz\u0151term\u00fcnkben vagy online form\u00e1ban, otthoni, k\u00e9nyelmes k\u00f6rnyezetben, ak\u00e1r\u00a0eszk\u00f6z n\u00e9lk\u00fcl, ak\u00e1r eszk\u00f6zzel (TRX, TRX [&hellip;]<\/p>\n","protected":false},"author":2,"featured_media":112,"parent":0,"menu_order":0,"comment_status":"closed","ping_status":"closed","template":"","meta":{"_et_pb_use_builder":"on","_et_pb_old_content":"","_et_gb_content_width":"","footnotes":""},"class_list":["post-55","page","type-page","status-publish","has-post-thumbnail","hentry"],"yoast_head":"<!-- This site is optimized with the Yoast SEO plugin v25.2 - https:\/\/yoast.com\/wordpress\/plugins\/seo\/ -->\n<title>Szem\u00e9lyi edz\u00e9s online<\/title>\n<meta name=\"description\" content=\"Az edz\u0151term\u00fcnkben m\u00e1r j\u00f3l bev\u00e1lt, hat\u00e9kony szem\u00e9lyi edz\u00e9seinket, terhestorn\u00e1nkat \u00e9s sportrehabilit\u00e1ci\u00f3s szolg\u00e1ltat\u00e1sainkat imm\u00e1r ONLINE is ig\u00e9nybe veheted!\" \/>\n<meta name=\"robots\" content=\"index, follow, max-snippet:-1, max-image-preview:large, max-video-preview:-1\" \/>\n<link rel=\"canonical\" href=\"https:\/\/szemelyi-edzo-miskolc.hu\/\" \/>\n<meta property=\"og:locale\" content=\"hu_HU\" \/>\n<meta property=\"og:type\" content=\"article\" \/>\n<meta property=\"og:title\" content=\"Szem\u00e9lyi edz\u00e9s online\" \/>\n<meta property=\"og:description\" content=\"Az edz\u0151term\u00fcnkben m\u00e1r j\u00f3l bev\u00e1lt, hat\u00e9kony szem\u00e9lyi edz\u00e9seinket, terhestorn\u00e1nkat \u00e9s sportrehabilit\u00e1ci\u00f3s szolg\u00e1ltat\u00e1sainkat imm\u00e1r ONLINE is ig\u00e9nybe veheted!\" \/>\n<meta property=\"og:url\" content=\"https:\/\/szemelyi-edzo-miskolc.hu\/\" \/>\n<meta property=\"og:site_name\" content=\"Szem\u00e9lyi edz\u00e9s online\" \/>\n<meta property=\"article:modified_time\" content=\"2020-05-20T13:47:16+00:00\" \/>\n<meta property=\"og:image\" content=\"https:\/\/szemelyi-edzo-miskolc.hu\/wp-content\/uploads\/2020\/03\/kezdo2-scaled.jpg\" \/>\n\t<meta property=\"og:image:width\" content=\"2560\" \/>\n\t<meta property=\"og:image:height\" content=\"1206\" \/>\n\t<meta property=\"og:image:type\" content=\"image\/jpeg\" \/>\n<meta name=\"twitter:card\" content=\"summary_large_image\" \/>\n<meta name=\"twitter:label1\" content=\"Becs\u00fclt olvas\u00e1si id\u0151\" \/>\n\t<meta name=\"twitter:data1\" content=\"7 perc\" \/>\n<script type=\"application\/ld+json\" class=\"yoast-schema-graph\">{\"@context\":\"https:\/\/schema.org\",\"@graph\":[{\"@type\":\"WebPage\",\"@id\":\"https:\/\/szemelyi-edzo-miskolc.hu\/\",\"url\":\"https:\/\/szemelyi-edzo-miskolc.hu\/\",\"name\":\"Szem\u00e9lyi edz\u00e9s online\",\"isPartOf\":{\"@id\":\"https:\/\/szemelyi-edzo-miskolc.hu\/#website\"},\"primaryImageOfPage\":{\"@id\":\"https:\/\/szemelyi-edzo-miskolc.hu\/#primaryimage\"},\"image\":{\"@id\":\"https:\/\/szemelyi-edzo-miskolc.hu\/#primaryimage\"},\"thumbnailUrl\":\"\",\"datePublished\":\"2020-03-22T19:17:33+00:00\",\"dateModified\":\"2020-05-20T13:47:16+00:00\",\"description\":\"Az edz\u0151term\u00fcnkben m\u00e1r j\u00f3l bev\u00e1lt, hat\u00e9kony szem\u00e9lyi edz\u00e9seinket, terhestorn\u00e1nkat \u00e9s sportrehabilit\u00e1ci\u00f3s szolg\u00e1ltat\u00e1sainkat imm\u00e1r ONLINE is ig\u00e9nybe veheted!\",\"breadcrumb\":{\"@id\":\"https:\/\/szemelyi-edzo-miskolc.hu\/#breadcrumb\"},\"inLanguage\":\"hu\",\"potentialAction\":[{\"@type\":\"ReadAction\",\"target\":[\"https:\/\/szemelyi-edzo-miskolc.hu\/\"]}]},{\"@type\":\"ImageObject\",\"inLanguage\":\"hu\",\"@id\":\"https:\/\/szemelyi-edzo-miskolc.hu\/#primaryimage\",\"url\":\"\",\"contentUrl\":\"\"},{\"@type\":\"BreadcrumbList\",\"@id\":\"https:\/\/szemelyi-edzo-miskolc.hu\/#breadcrumb\",\"itemListElement\":[{\"@type\":\"ListItem\",\"position\":1,\"name\":\"Home\",\"item\":\"https:\/\/szemelyi-edzo-miskolc.hu\/\"},{\"@type\":\"ListItem\",\"position\":2,\"name\":\"Szem\u00e9lyi edz\u00e9s online\"}]},{\"@type\":\"WebSite\",\"@id\":\"https:\/\/szemelyi-edzo-miskolc.hu\/#website\",\"url\":\"https:\/\/szemelyi-edzo-miskolc.hu\/\",\"name\":\"Szem\u00e9lyi edz\u00e9s online\",\"description\":\"\",\"potentialAction\":[{\"@type\":\"SearchAction\",\"target\":{\"@type\":\"EntryPoint\",\"urlTemplate\":\"https:\/\/szemelyi-edzo-miskolc.hu\/?s={search_term_string}\"},\"query-input\":{\"@type\":\"PropertyValueSpecification\",\"valueRequired\":true,\"valueName\":\"search_term_string\"}}],\"inLanguage\":\"hu\"}]}<\/script>\n<!-- \/ Yoast SEO plugin. -->","yoast_head_json":{"title":"Szem\u00e9lyi edz\u00e9s online","description":"Az edz\u0151term\u00fcnkben m\u00e1r j\u00f3l bev\u00e1lt, hat\u00e9kony szem\u00e9lyi edz\u00e9seinket, terhestorn\u00e1nkat \u00e9s sportrehabilit\u00e1ci\u00f3s szolg\u00e1ltat\u00e1sainkat imm\u00e1r ONLINE is ig\u00e9nybe veheted!","robots":{"index":"index","follow":"follow","max-snippet":"max-snippet:-1","max-image-preview":"max-image-preview:large","max-video-preview":"max-video-preview:-1"},"canonical":"https:\/\/szemelyi-edzo-miskolc.hu\/","og_locale":"hu_HU","og_type":"article","og_title":"Szem\u00e9lyi edz\u00e9s online","og_description":"Az edz\u0151term\u00fcnkben m\u00e1r j\u00f3l bev\u00e1lt, hat\u00e9kony szem\u00e9lyi edz\u00e9seinket, terhestorn\u00e1nkat \u00e9s sportrehabilit\u00e1ci\u00f3s szolg\u00e1ltat\u00e1sainkat imm\u00e1r ONLINE is ig\u00e9nybe veheted!","og_url":"https:\/\/szemelyi-edzo-miskolc.hu\/","og_site_name":"Szem\u00e9lyi edz\u00e9s online","article_modified_time":"2020-05-20T13:47:16+00:00","og_image":[{"width":2560,"height":1206,"url":"https:\/\/szemelyi-edzo-miskolc.hu\/wp-content\/uploads\/2020\/03\/kezdo2-scaled.jpg","type":"image\/jpeg"}],"twitter_card":"summary_large_image","twitter_misc":{"Becs\u00fclt olvas\u00e1si id\u0151":"7 perc"},"schema":{"@context":"https:\/\/schema.org","@graph":[{"@type":"WebPage","@id":"https:\/\/szemelyi-edzo-miskolc.hu\/","url":"https:\/\/szemelyi-edzo-miskolc.hu\/","name":"Szem\u00e9lyi edz\u00e9s online","isPartOf":{"@id":"https:\/\/szemelyi-edzo-miskolc.hu\/#website"},"primaryImageOfPage":{"@id":"https:\/\/szemelyi-edzo-miskolc.hu\/#primaryimage"},"image":{"@id":"https:\/\/szemelyi-edzo-miskolc.hu\/#primaryimage"},"thumbnailUrl":"","datePublished":"2020-03-22T19:17:33+00:00","dateModified":"2020-05-20T13:47:16+00:00","description":"Az edz\u0151term\u00fcnkben m\u00e1r j\u00f3l bev\u00e1lt, hat\u00e9kony szem\u00e9lyi edz\u00e9seinket, terhestorn\u00e1nkat \u00e9s sportrehabilit\u00e1ci\u00f3s szolg\u00e1ltat\u00e1sainkat imm\u00e1r ONLINE is ig\u00e9nybe veheted!","breadcrumb":{"@id":"https:\/\/szemelyi-edzo-miskolc.hu\/#breadcrumb"},"inLanguage":"hu","potentialAction":[{"@type":"ReadAction","target":["https:\/\/szemelyi-edzo-miskolc.hu\/"]}]},{"@type":"ImageObject","inLanguage":"hu","@id":"https:\/\/szemelyi-edzo-miskolc.hu\/#primaryimage","url":"","contentUrl":""},{"@type":"BreadcrumbList","@id":"https:\/\/szemelyi-edzo-miskolc.hu\/#breadcrumb","itemListElement":[{"@type":"ListItem","position":1,"name":"Home","item":"https:\/\/szemelyi-edzo-miskolc.hu\/"},{"@type":"ListItem","position":2,"name":"Szem\u00e9lyi edz\u00e9s online"}]},{"@type":"WebSite","@id":"https:\/\/szemelyi-edzo-miskolc.hu\/#website","url":"https:\/\/szemelyi-edzo-miskolc.hu\/","name":"Szem\u00e9lyi edz\u00e9s online","description":"","potentialAction":[{"@type":"SearchAction","target":{"@type":"EntryPoint","urlTemplate":"https:\/\/szemelyi-edzo-miskolc.hu\/?s={search_term_string}"},"query-input":{"@type":"PropertyValueSpecification","valueRequired":true,"valueName":"search_term_string"}}],"inLanguage":"hu"}]}},"_links":{"self":[{"href":"https:\/\/szemelyi-edzo-miskolc.hu\/index.php?rest_route=\/wp\/v2\/pages\/55","targetHints":{"allow":["GET"]}}],"collection":[{"href":"https:\/\/szemelyi-edzo-miskolc.hu\/index.php?rest_route=\/wp\/v2\/pages"}],"about":[{"href":"https:\/\/szemelyi-edzo-miskolc.hu\/index.php?rest_route=\/wp\/v2\/types\/page"}],"author":[{"embeddable":true,"href":"https:\/\/szemelyi-edzo-miskolc.hu\/index.php?rest_route=\/wp\/v2\/users\/2"}],"replies":[{"embeddable":true,"href":"https:\/\/szemelyi-edzo-miskolc.hu\/index.php?rest_route=%2Fwp%2Fv2%2Fcomments&post=55"}],"version-history":[{"count":41,"href":"https:\/\/szemelyi-edzo-miskolc.hu\/index.php?rest_route=\/wp\/v2\/pages\/55\/revisions"}],"predecessor-version":[{"id":420,"href":"https:\/\/szemelyi-edzo-miskolc.hu\/index.php?rest_route=\/wp\/v2\/pages\/55\/revisions\/420"}],"wp:featuredmedia":[{"embeddable":true,"href":"https:\/\/szemelyi-edzo-miskolc.hu\/index.php?rest_route=\/"}],"wp:attachment":[{"href":"https:\/\/szemelyi-edzo-miskolc.hu\/index.php?rest_route=%2Fwp%2Fv2%2Fmedia&parent=55"}],"curies":[{"name":"wp","href":"https:\/\/api.w.org\/{rel}","templated":true}]}}